{"id":2354,"date":"2019-10-09T22:47:56","date_gmt":"2019-10-09T20:47:56","guid":{"rendered":"https:\/\/wheelchair-tours.org\/?page_id=2354"},"modified":"2021-05-22T16:46:17","modified_gmt":"2021-05-22T14:46:17","slug":"schick-uns-deine-tour","status":"publish","type":"page","link":"https:\/\/wheelchair-tours.org\/it\/schick-uns-deine-tour\/","title":{"rendered":"Inviaci il tuo tour"},"content":{"rendered":"<div data-elementor-type=\"wp-page\" data-elementor-id=\"2354\" class=\"elementor elementor-2354\">\n\t\t\t\t\t\t\t\t\t<section class=\"has_eae_slider elementor-section elementor-top-section elementor-element elementor-element-7522cf5 elementor-section-height-min-height elementor-section-boxed elementor-section-height-default elementor-section-items-middle\" data-eae-slider=\"94976\" data-id=\"7522cf5\" data-element_type=\"section\" data-settings=\"{&quot;background_background&quot;:&quot;classic&quot;}\" data-e-bg-lazyload=\"\">\n\t\t\t\t\t\t<div class=\"elementor-container elementor-column-gap-default\">\n\t\t\t\t\t<div class=\"has_eae_slider elementor-column elementor-col-25 elementor-top-column elementor-element elementor-element-4b5e4cb\" data-eae-slider=\"43327\" data-id=\"4b5e4cb\" data-element_type=\"column\">\n\t\t\t<div class=\"elementor-widget-wrap\">\n\t\t\t\t\t\t\t\t\t<\/div>\n\t\t<\/div>\n\t\t\t\t<div class=\"has_eae_slider elementor-column elementor-col-50 elementor-top-column elementor-element elementor-element-149d947\" data-eae-slider=\"49366\" data-id=\"149d947\" data-element_type=\"column\">\n\t\t\t<div class=\"elementor-widget-wrap elementor-element-populated\">\n\t\t\t\t\t\t\t\t<div class=\"elementor-element elementor-element-c9581a7 elementor-widget elementor-widget-heading\" data-id=\"c9581a7\" data-element_type=\"widget\" data-widget_type=\"heading.default\">\n\t\t\t\t<div class=\"elementor-widget-container\">\n\t\t\t<h2 class=\"elementor-heading-title elementor-size-default\">INVIACI IL TUO TOUR!<\/h2>\t\t<\/div>\n\t\t\t\t<\/div>\n\t\t\t\t\t<\/div>\n\t\t<\/div>\n\t\t\t\t<div class=\"has_eae_slider elementor-column elementor-col-25 elementor-top-column elementor-element elementor-element-cf97852\" data-eae-slider=\"72512\" data-id=\"cf97852\" data-element_type=\"column\">\n\t\t\t<div class=\"elementor-widget-wrap\">\n\t\t\t\t\t\t\t\t\t<\/div>\n\t\t<\/div>\n\t\t\t\t\t\t\t<\/div>\n\t\t<\/section>\n\t\t\t\t<section class=\"has_eae_slider elementor-section elementor-top-section elementor-element elementor-element-82986a3 elementor-section-boxed elementor-section-height-default elementor-section-height-default\" data-eae-slider=\"96798\" data-id=\"82986a3\" data-element_type=\"section\">\n\t\t\t\t\t\t<div class=\"elementor-container elementor-column-gap-default\">\n\t\t\t\t\t<div class=\"has_eae_slider elementor-column elementor-col-33 elementor-top-column elementor-element elementor-element-85a7c06\" data-eae-slider=\"30704\" data-id=\"85a7c06\" data-element_type=\"column\">\n\t\t\t<div class=\"elementor-widget-wrap elementor-element-populated\">\n\t\t\t\t\t\t\t\t<div class=\"elementor-element elementor-element-15df9b6 elementor-hidden-tablet elementor-hidden-phone elementor-widget elementor-widget-eae-info-circle\" data-id=\"15df9b6\" data-element_type=\"widget\" data-widget_type=\"eae-info-circle.skin4\">\n\t\t\t\t<div class=\"elementor-widget-container\">\n\t\t\t\t\t<div class=\"eae-info-circle-wrapper\">\n\t\t\t<div class=\"eae-info-circle\" data-active-item=\"1\" data-autoplay=\"\" data-delay=\"3000\" style=\"opacity: 1;\">\n\t\t\t\t\t\t\t\t\t\t<div class=\"eae-info-circle-item elementor-repeater-item-1f525ef\" style=\"opacity: 1;\">\n\t\t\t\t\t\t<div id=\"1f525ef\" data-id=\"1f525ef\" class=\"eae-ic-icon-wrap\" style=\"opacity: 1;\">\n\t\t\t\t\t\t\t\t\t\t\t<div class=\"eae-icon eae-icon-item_icon eae-icon-view-framed eae-icon-shape-circle eae-icon-type-icon\">\n\t\t\t\t\t<div class=\"eae-icon-wrap\">\n\t\t\t\t\t<i aria-hidden=\"true\" class=\"fas fa-exclamation\"><\/i>\t\t\t\t\t<\/div>\n\t\t\t\t<\/div>\n\t\t\t\t\t\t\t\t\t\t<\/div>\n\t\t\t\t\t\t<div class=\"eae-info-circle-item__content-wrap\">\n\t\t\t\t\t\t\t<div class=\"eae-info-circle-item__content\">\n\t\t\t\t\t\t\t<h2 class=\"eae-ic-heading\">STIAMO CERCANDO TE!<\/h2>\t\t\t\t\t\t\t\t\n\t\t\t\t\t\t\t\t<div class=\"eae-ic-description\">\n\t\t\t\t\t\t\t\t\t<p><\/p>\n\t\t\t\t\t\t\t\t<\/div>\n\t\t\t\t\t\t\t<\/div>\n\t\t\t\t\t\t<\/div>\n\t\t\t\t\t<\/div>\n\t\t\t\t\t\t\t\t\t\t<div class=\"eae-info-circle-item elementor-repeater-item-85e82a8\" style=\"opacity: 1;\">\n\t\t\t\t\t\t<div id=\"85e82a8\" data-id=\"85e82a8\" class=\"eae-ic-icon-wrap\" style=\"opacity: 1;\">\n\t\t\t\t\t\t\t\t\t\t\t<div class=\"eae-icon eae-icon-item_icon eae-icon-view-framed eae-icon-shape-circle eae-icon-type-icon\">\n\t\t\t\t\t<div class=\"eae-icon-wrap\">\n\t\t\t\t\t<i aria-hidden=\"true\" class=\"fas fa-exclamation\"><\/i>\t\t\t\t\t<\/div>\n\t\t\t\t<\/div>\n\t\t\t\t\t\t\t\t\t\t<\/div>\n\t\t\t\t\t\t<div class=\"eae-info-circle-item__content-wrap\">\n\t\t\t\t\t\t\t<div class=\"eae-info-circle-item__content\">\n\t\t\t\t\t\t\t<h2 class=\"eae-ic-heading\">ABBIAMO BISOGNO DI TE!<\/h2>\t\t\t\t\t\t\t\t\n\t\t\t\t\t\t\t\t<div class=\"eae-ic-description\">\n\t\t\t\t\t\t\t\t\t<p><\/p>\n\t\t\t\t\t\t\t\t<\/div>\n\t\t\t\t\t\t\t<\/div>\n\t\t\t\t\t\t<\/div>\n\t\t\t\t\t<\/div>\n\t\t\t\t\t\t\t<\/div>\n\t\t<\/div>\n\t\t\t\t<\/div>\n\t\t\t\t<\/div>\n\t\t\t\t\t<\/div>\n\t\t<\/div>\n\t\t\t\t<div class=\"has_eae_slider elementor-column elementor-col-66 elementor-top-column elementor-element elementor-element-18557e9\" data-eae-slider=\"92122\" data-id=\"18557e9\" data-element_type=\"column\">\n\t\t\t<div class=\"elementor-widget-wrap\">\n\t\t\t\t\t\t\t\t\t<\/div>\n\t\t<\/div>\n\t\t\t\t\t\t\t<\/div>\n\t\t<\/section>\n\t\t\t\t<section class=\"has_eae_slider elementor-section elementor-top-section elementor-element elementor-element-dda28f0 elementor-section-boxed elementor-section-height-default elementor-section-height-default\" data-eae-slider=\"79254\" data-id=\"dda28f0\" data-element_type=\"section\">\n\t\t\t\t\t\t<div class=\"elementor-container elementor-column-gap-default\">\n\t\t\t\t\t<div class=\"has_eae_slider elementor-column elementor-col-25 elementor-top-column elementor-element elementor-element-a222ea7\" data-eae-slider=\"72220\" data-id=\"a222ea7\" data-element_type=\"column\">\n\t\t\t<div class=\"elementor-widget-wrap\">\n\t\t\t\t\t\t\t\t\t<\/div>\n\t\t<\/div>\n\t\t\t\t<div class=\"has_eae_slider elementor-column elementor-col-50 elementor-top-column elementor-element elementor-element-5661785\" data-eae-slider=\"95984\" data-id=\"5661785\" data-element_type=\"column\">\n\t\t\t<div class=\"elementor-widget-wrap elementor-element-populated\">\n\t\t\t\t\t\t\t\t<div class=\"elementor-element elementor-element-720ec22 elementor-widget elementor-widget-heading\" data-id=\"720ec22\" data-element_type=\"widget\" data-widget_type=\"heading.default\">\n\t\t\t\t<div class=\"elementor-widget-container\">\n\t\t\t<h2 class=\"elementor-heading-title elementor-size-default\">Allora dammelo!<\/h2>\t\t<\/div>\n\t\t\t\t<\/div>\n\t\t\t\t<div class=\"elementor-element elementor-element-6282461 elementor-widget elementor-widget-text-editor\" data-id=\"6282461\" data-element_type=\"widget\" data-widget_type=\"text-editor.default\">\n\t\t\t\t<div class=\"elementor-widget-container\">\n\t\t\t\t\t\t\t<p>Compila ora il nostro questionario e presto sarai <strong>IL TUO TOUR<\/strong> nei tour in sedia a rotelle.<\/p>\t\t\t\t\t\t<\/div>\n\t\t\t\t<\/div>\n\t\t\t\t<div class=\"elementor-element elementor-element-a699f7f elementor-align-center elementor-widget elementor-widget-button\" data-id=\"a699f7f\" data-element_type=\"widget\" data-widget_type=\"button.default\">\n\t\t\t\t<div class=\"elementor-widget-container\">\n\t\t\t\t\t<div class=\"elementor-button-wrapper\">\n\t\t\t<a class=\"elementor-button elementor-button-link elementor-size-md\" href=\"https:\/\/forms.gle\/hoR6x5ckdZk9tiqf8\" target=\"_blank\" rel=\"noopener\">\n\t\t\t\t\t\t<span class=\"elementor-button-content-wrapper\">\n\t\t\t\t\t\t<span class=\"elementor-button-icon elementor-align-icon-left\">\n\t\t\t\t<i aria-hidden=\"true\" class=\"fas fa-long-arrow-alt-right\"><\/i>\t\t\t<\/span>\n\t\t\t\t\t\t<span class=\"elementor-button-text\">Compilare online*<\/span>\n\t\t<\/span>\n\t\t\t\t\t<\/a>\n\t\t<\/div>\n\t\t\t\t<\/div>\n\t\t\t\t<\/div>\n\t\t\t\t<div class=\"elementor-element elementor-element-3f7122c elementor-widget elementor-widget-text-editor\" data-id=\"3f7122c\" data-element_type=\"widget\" data-widget_type=\"text-editor.default\">\n\t\t\t\t<div class=\"elementor-widget-container\">\n\t\t\t\t\t\t\t<p>*Hai bisogno di un account Google per questo.<\/p>\t\t\t\t\t\t<\/div>\n\t\t\t\t<\/div>\n\t\t\t\t<div class=\"elementor-element elementor-element-88f07ec elementor-align-center elementor-widget elementor-widget-button\" data-id=\"88f07ec\" data-element_type=\"widget\" data-widget_type=\"button.default\">\n\t\t\t\t<div class=\"elementor-widget-container\">\n\t\t\t\t\t<div class=\"elementor-button-wrapper\">\n\t\t\t<a class=\"elementor-button elementor-button-link elementor-size-md\" href=\"https:\/\/forms.gle\/hoR6x5ckdZk9tiqf8\" target=\"_blank\" rel=\"noopener\">\n\t\t\t\t\t\t<span class=\"elementor-button-content-wrapper\">\n\t\t\t\t\t\t<span class=\"elementor-button-icon elementor-align-icon-left\">\n\t\t\t\t<i aria-hidden=\"true\" class=\"fas fa-long-arrow-alt-right\"><\/i>\t\t\t<\/span>\n\t\t\t\t\t\t<span class=\"elementor-button-text\">Scaricare PDF<\/span>\n\t\t<\/span>\n\t\t\t\t\t<\/a>\n\t\t<\/div>\n\t\t\t\t<\/div>\n\t\t\t\t<\/div>\n\t\t\t\t<div class=\"elementor-element elementor-element-41a10a7 elementor-widget elementor-widget-text-editor\" data-id=\"41a10a7\" data-element_type=\"widget\" data-widget_type=\"text-editor.default\">\n\t\t\t\t<div class=\"elementor-widget-container\">\n\t\t\t\t\t\t\t<p>Si prega di inviare il documento PDF compilato a:<br \/>info@wheelchair-tours.org<\/p>\t\t\t\t\t\t<\/div>\n\t\t\t\t<\/div>\n\t\t\t\t\t<\/div>\n\t\t<\/div>\n\t\t\t\t<div class=\"has_eae_slider elementor-column elementor-col-25 elementor-top-column elementor-element elementor-element-092107f\" data-eae-slider=\"13773\" data-id=\"092107f\" data-element_type=\"column\">\n\t\t\t<div class=\"elementor-widget-wrap\">\n\t\t\t\t\t\t\t\t\t<\/div>\n\t\t<\/div>\n\t\t\t\t\t\t\t<\/div>\n\t\t<\/section>\n\t\t\t\t\t\t\t<\/div>","protected":false},"excerpt":{"rendered":"<p>SCHICK UNS DEINE TOUR! WIR SUCHEN DICH! WIR BRAUCHEN DICH! Dann her damit! F\u00fclle jetzt unseren Fragebogen aus und schon bald wird DEINE TOUR auf wheelchair tours zu lesen sein. Online ausf\u00fcllen* *Du ben\u00f6tigst daf\u00fcr ein Google-Konto. PDF herunterladen Bitte schicke das ausgef\u00fcllte PDF-Dokument an: info@wheelchair-tours.org<\/p>","protected":false},"author":1,"featured_media":0,"parent":0,"menu_order":0,"comment_status":"closed","ping_status":"closed","template":"","meta":{"_uag_custom_page_level_css":"","site-sidebar-layout":"no-sidebar","site-content-layout":"page-builder","ast-site-content-layout":"","site-content-style":"default","site-sidebar-style":"default","ast-global-header-display":"","ast-banner-title-visibility":"","ast-main-header-display":"","ast-hfb-above-header-display":"","ast-hfb-below-header-display":"","ast-hfb-mobile-header-display":"","site-post-title":"disabled","ast-breadcrumbs-content":"","ast-featured-img":"disabled","footer-sml-layout":"","theme-transparent-header-meta":"default","adv-header-id-meta":"","stick-header-meta":"","header-above-stick-meta":"","header-main-stick-meta":"","header-below-stick-meta":"","astra-migrate-meta-layouts":"","footnotes":""},"class_list":["post-2354","page","type-page","status-publish","hentry"],"uagb_featured_image_src":{"full":false,"thumbnail":false,"medium":false,"medium_large":false,"large":false,"1536x1536":false,"2048x2048":false,"trp-custom-language-flag":false},"uagb_author_info":{"display_name":"Sabrina","author_link":"https:\/\/wheelchair-tours.org\/it\/author\/sabrina\/"},"uagb_comment_info":0,"uagb_excerpt":"SCHICK UNS DEINE TOUR! WIR SUCHEN DICH! WIR BRAUCHEN DICH! Dann her damit! F\u00fclle jetzt unseren Fragebogen aus und schon bald wird DEINE TOUR auf wheelchair tours zu lesen sein. Online ausf\u00fcllen* *Du ben\u00f6tigst daf\u00fcr ein Google-Konto. PDF herunterladen Bitte schicke das ausgef\u00fcllte PDF-Dokument an: info@wheelchair-tours.org","_links":{"self":[{"href":"https:\/\/wheelchair-tours.org\/it\/wp-json\/wp\/v2\/pages\/2354","targetHints":{"allow":["GET"]}}],"collection":[{"href":"https:\/\/wheelchair-tours.org\/it\/wp-json\/wp\/v2\/pages"}],"about":[{"href":"https:\/\/wheelchair-tours.org\/it\/wp-json\/wp\/v2\/types\/page"}],"author":[{"embeddable":true,"href":"https:\/\/wheelchair-tours.org\/it\/wp-json\/wp\/v2\/users\/1"}],"replies":[{"embeddable":true,"href":"https:\/\/wheelchair-tours.org\/it\/wp-json\/wp\/v2\/comments?post=2354"}],"version-history":[{"count":27,"href":"https:\/\/wheelchair-tours.org\/it\/wp-json\/wp\/v2\/pages\/2354\/revisions"}],"predecessor-version":[{"id":6293,"href":"https:\/\/wheelchair-tours.org\/it\/wp-json\/wp\/v2\/pages\/2354\/revisions\/6293"}],"wp:attachment":[{"href":"https:\/\/wheelchair-tours.org\/it\/wp-json\/wp\/v2\/media?parent=2354"}],"curies":[{"name":"wp","href":"https:\/\/api.w.org\/{rel}","templated":true}]}}