{"id":2202,"date":"2019-10-02T17:56:46","date_gmt":"2019-10-02T15:56:46","guid":{"rendered":"https:\/\/wheelchair-tours.org\/?page_id=2202"},"modified":"2021-05-22T16:53:08","modified_gmt":"2021-05-22T14:53:08","slug":"die-tour-in-bildern","status":"publish","type":"page","link":"https:\/\/wheelchair-tours.org\/it\/die-tour-in-bildern\/","title":{"rendered":"Il tour in immagini"},"content":{"rendered":"<div data-elementor-type=\"wp-page\" data-elementor-id=\"2202\" class=\"elementor elementor-2202\">\n\t\t\t\t\t\t\t\t\t<section class=\"has_eae_slider elementor-section elementor-top-section elementor-element elementor-element-c844b6a elementor-section-full_width elementor-section-height-min-height elementor-section-height-default elementor-section-items-middle\" data-eae-slider=\"28008\" data-id=\"c844b6a\" data-element_type=\"section\" data-settings=\"{&quot;background_background&quot;:&quot;classic&quot;}\" data-e-bg-lazyload=\"\">\n\t\t\t\t\t\t<div class=\"elementor-container elementor-column-gap-default\">\n\t\t\t\t\t<div class=\"has_eae_slider elementor-column elementor-col-100 elementor-top-column elementor-element elementor-element-36163f2\" data-eae-slider=\"69857\" data-id=\"36163f2\" data-element_type=\"column\">\n\t\t\t<div class=\"elementor-widget-wrap\">\n\t\t\t\t\t\t\t\t\t<\/div>\n\t\t<\/div>\n\t\t\t\t\t\t\t<\/div>\n\t\t<\/section>\n\t\t\t\t<section class=\"has_eae_slider elementor-section elementor-top-section elementor-element elementor-element-f50858b elementor-section-boxed elementor-section-height-default elementor-section-height-default\" data-eae-slider=\"85316\" data-id=\"f50858b\" data-element_type=\"section\">\n\t\t\t\t\t\t<div class=\"elementor-container elementor-column-gap-default\">\n\t\t\t\t\t<div class=\"has_eae_slider elementor-column elementor-col-25 elementor-top-column elementor-element elementor-element-b46e514\" data-eae-slider=\"61309\" data-id=\"b46e514\" data-element_type=\"column\">\n\t\t\t<div class=\"elementor-widget-wrap\">\n\t\t\t\t\t\t\t\t\t<\/div>\n\t\t<\/div>\n\t\t\t\t<div class=\"has_eae_slider elementor-column elementor-col-50 elementor-top-column elementor-element elementor-element-c9483d4\" data-eae-slider=\"2708\" data-id=\"c9483d4\" data-element_type=\"column\">\n\t\t\t<div class=\"elementor-widget-wrap elementor-element-populated\">\n\t\t\t\t\t\t\t\t<div class=\"elementor-element elementor-element-9d39061 elementor-widget elementor-widget-heading\" data-id=\"9d39061\" data-element_type=\"widget\" data-widget_type=\"heading.default\">\n\t\t\t\t<div class=\"elementor-widget-container\">\n\t\t\t<h2 class=\"elementor-heading-title elementor-size-default\">IL TOUR IN IMMAGINI<\/h2>\t\t<\/div>\n\t\t\t\t<\/div>\n\t\t\t\t<div class=\"elementor-element elementor-element-a485bac elementor-widget elementor-widget-text-editor\" data-id=\"a485bac\" data-element_type=\"widget\" data-widget_type=\"text-editor.default\">\n\t\t\t\t<div class=\"elementor-widget-container\">\n\t\t\t\t\t\t\t<p>Con queste informazioni si ha una rapida panoramica dei punti pi\u00f9 importanti del tour selezionato.<\/p><p>Ogni simbolo\/pittogramma rappresenta un punto che pu\u00f2 essere decisivo per la tua scelta.<\/p>\t\t\t\t\t\t<\/div>\n\t\t\t\t<\/div>\n\t\t\t\t\t<\/div>\n\t\t<\/div>\n\t\t\t\t<div class=\"has_eae_slider elementor-column elementor-col-25 elementor-top-column elementor-element elementor-element-6501923\" data-eae-slider=\"73199\" data-id=\"6501923\" data-element_type=\"column\">\n\t\t\t<div class=\"elementor-widget-wrap\">\n\t\t\t\t\t\t\t\t\t<\/div>\n\t\t<\/div>\n\t\t\t\t\t\t\t<\/div>\n\t\t<\/section>\n\t\t\t\t<section class=\"has_eae_slider elementor-section elementor-top-section elementor-element elementor-element-7ccc58d elementor-section-boxed elementor-section-height-default elementor-section-height-default\" data-eae-slider=\"86487\" data-id=\"7ccc58d\" data-element_type=\"section\">\n\t\t\t\t\t\t<div class=\"elementor-container elementor-column-gap-default\">\n\t\t\t\t\t<div class=\"has_eae_slider elementor-column elementor-col-100 elementor-top-column elementor-element elementor-element-b702677\" data-eae-slider=\"70932\" data-id=\"b702677\" data-element_type=\"column\">\n\t\t\t<div class=\"elementor-widget-wrap elementor-element-populated\">\n\t\t\t\t\t\t\t\t<div class=\"elementor-element elementor-element-c79d6e1 elementor-widget elementor-widget-heading\" data-id=\"c79d6e1\" data-element_type=\"widget\" data-widget_type=\"heading.default\">\n\t\t\t\t<div class=\"elementor-widget-container\">\n\t\t\t<h2 class=\"elementor-heading-title elementor-size-default\">I simboli e i loro significati<\/h2>\t\t<\/div>\n\t\t\t\t<\/div>\n\t\t\t\t\t<\/div>\n\t\t<\/div>\n\t\t\t\t\t\t\t<\/div>\n\t\t<\/section>\n\t\t\t\t<section class=\"has_eae_slider elementor-section elementor-top-section elementor-element elementor-element-ee7653c elementor-section-boxed elementor-section-height-default elementor-section-height-default\" data-eae-slider=\"42758\" data-id=\"ee7653c\" data-element_type=\"section\">\n\t\t\t\t\t\t<div class=\"elementor-container elementor-column-gap-default\">\n\t\t\t\t\t<div class=\"has_eae_slider elementor-column elementor-col-33 elementor-top-column elementor-element elementor-element-6cde7d3\" data-eae-slider=\"8486\" data-id=\"6cde7d3\" data-element_type=\"column\">\n\t\t\t<div class=\"elementor-widget-wrap elementor-element-populated\">\n\t\t\t\t\t\t\t\t<div class=\"elementor-element elementor-element-a7ddec0 elementor-position-top elementor-widget elementor-widget-image-box\" data-id=\"a7ddec0\" data-element_type=\"widget\" data-widget_type=\"image-box.default\">\n\t\t\t\t<div class=\"elementor-widget-container\">\n\t\t\t<div class=\"elementor-image-box-wrapper\"><figure class=\"elementor-image-box-img\"><img loading=\"lazy\" decoding=\"async\" width=\"60\" height=\"60\" src=\"https:\/\/wheelchair-tours.org\/wp-content\/uploads\/2019\/09\/Wheelchair_Tours_Rollstuhl_Piktogramm_Begleitperson_notwendig.jpg\" class=\"elementor-animation-grow attachment-full size-full wp-image-2196\" alt=\"Wheelchair_Tours_Rollstuhl_Piktogramm_Begleitperson_notwendig\" \/><\/figure><div class=\"elementor-image-box-content\"><h3 class=\"elementor-image-box-title\">Accompagnatore<\/h3><p class=\"elementor-image-box-description\">Per questi tour \u00e8 necessario portare con s\u00e9 un accompagnatore, poich\u00e9 ci sono sezioni del percorso che sono difficili da gestire in modo indipendente.<\/p><\/div><\/div>\t\t<\/div>\n\t\t\t\t<\/div>\n\t\t\t\t<div class=\"elementor-element elementor-element-6e2ccf2 elementor-widget elementor-widget-spacer\" data-id=\"6e2ccf2\" data-element_type=\"widget\" data-widget_type=\"spacer.default\">\n\t\t\t\t<div class=\"elementor-widget-container\">\n\t\t\t\t\t<div class=\"elementor-spacer\">\n\t\t\t<div class=\"elementor-spacer-inner\"><\/div>\n\t\t<\/div>\n\t\t\t\t<\/div>\n\t\t\t\t<\/div>\n\t\t\t\t<div class=\"elementor-element elementor-element-2cd928e elementor-position-top elementor-widget elementor-widget-image-box\" data-id=\"2cd928e\" data-element_type=\"widget\" data-widget_type=\"image-box.default\">\n\t\t\t\t<div class=\"elementor-widget-container\">\n\t\t\t<div class=\"elementor-image-box-wrapper\"><figure class=\"elementor-image-box-img\"><img loading=\"lazy\" decoding=\"async\" width=\"60\" height=\"60\" src=\"https:\/\/wheelchair-tours.org\/wp-content\/uploads\/2019\/09\/Wheelchair_Tours_Rollstuhl_Piktogramm_Einkehrm\u00f6glichkeiten.jpg\" class=\"elementor-animation-grow attachment-full size-full wp-image-2199\" alt=\"Wheelchair_Tours_Rollstuhl_Piktogramm_Einkehrm\u00f6glichkeiten\" \/><\/figure><div class=\"elementor-image-box-content\"><h3 class=\"elementor-image-box-title\">Punti di ristoro<\/h3><p class=\"elementor-image-box-description\">Ci sono fermate di ristoro lungo il tour. Qui si pu\u00f2 mangiare e bere qualcosa o semplicemente riposare per un po'.\n\nPotete trovare maggiori informazioni sulle fermate di ristoro nella descrizione del tour.<\/p><\/div><\/div>\t\t<\/div>\n\t\t\t\t<\/div>\n\t\t\t\t\t<\/div>\n\t\t<\/div>\n\t\t\t\t<div class=\"has_eae_slider elementor-column elementor-col-33 elementor-top-column elementor-element elementor-element-411a009\" data-eae-slider=\"66161\" data-id=\"411a009\" data-element_type=\"column\">\n\t\t\t<div class=\"elementor-widget-wrap elementor-element-populated\">\n\t\t\t\t\t\t\t\t<div class=\"elementor-element elementor-element-01a6908 elementor-position-top elementor-widget elementor-widget-image-box\" data-id=\"01a6908\" data-element_type=\"widget\" data-widget_type=\"image-box.default\">\n\t\t\t\t<div class=\"elementor-widget-container\">\n\t\t\t<div class=\"elementor-image-box-wrapper\"><figure class=\"elementor-image-box-img\"><img loading=\"lazy\" decoding=\"async\" width=\"60\" height=\"60\" src=\"https:\/\/wheelchair-tours.org\/wp-content\/uploads\/2019\/09\/Wheelchair_Tours_Rollstuhl_Piktogramm_barrierefreies_WC.jpg\" class=\"elementor-animation-grow attachment-full size-full wp-image-2197\" alt=\"Wheelchair_Tours_Rollstuhl_Piktogramm_barrierefreies_WC\" \/><\/figure><div class=\"elementor-image-box-content\"><h3 class=\"elementor-image-box-title\">Bagno senza barriere<\/h3><p class=\"elementor-image-box-description\">C'\u00e8 un WC senza barriere in questo tour.\nTuttavia, questo pu\u00f2 essere in diversi punti del tour.\n\nSi prega di rileggere la descrizione del tour.<\/p><\/div><\/div>\t\t<\/div>\n\t\t\t\t<\/div>\n\t\t\t\t<div class=\"elementor-element elementor-element-895451c elementor-widget elementor-widget-spacer\" data-id=\"895451c\" data-element_type=\"widget\" data-widget_type=\"spacer.default\">\n\t\t\t\t<div class=\"elementor-widget-container\">\n\t\t\t\t\t<div class=\"elementor-spacer\">\n\t\t\t<div class=\"elementor-spacer-inner\"><\/div>\n\t\t<\/div>\n\t\t\t\t<\/div>\n\t\t\t\t<\/div>\n\t\t\t\t<div class=\"elementor-element elementor-element-2f1896f elementor-position-top elementor-widget elementor-widget-image-box\" data-id=\"2f1896f\" data-element_type=\"widget\" data-widget_type=\"image-box.default\">\n\t\t\t\t<div class=\"elementor-widget-container\">\n\t\t\t<div class=\"elementor-image-box-wrapper\"><figure class=\"elementor-image-box-img\"><img loading=\"lazy\" decoding=\"async\" width=\"60\" height=\"60\" src=\"https:\/\/wheelchair-tours.org\/wp-content\/uploads\/2019\/09\/Wheelchair_Tours_Rollstuhl_Piktogramm_Rollstuhl_mit_Zugger\u00e4t.jpg\" class=\"elementor-animation-grow attachment-full size-full wp-image-2200\" alt=\"Wheelchair_Tours_Rollstuhl_Piktogramm_Rollstuhl_mit_Zugger\u00e4t\" \/><\/figure><div class=\"elementor-image-box-content\"><h3 class=\"elementor-image-box-title\">Sedia a rotelle con motore di trazione<\/h3><p class=\"elementor-image-box-description\">Questo tour pu\u00f2 essere fatto solo con un motore di trazione. Questo pu\u00f2 essere una ruota motrice o anche un motore di trazione a quattro ruote.\nPotete trovare maggiori informazioni nella descrizione del tour.<\/p><\/div><\/div>\t\t<\/div>\n\t\t\t\t<\/div>\n\t\t\t\t\t<\/div>\n\t\t<\/div>\n\t\t\t\t<div class=\"has_eae_slider elementor-column elementor-col-33 elementor-top-column elementor-element elementor-element-484c92c\" data-eae-slider=\"58690\" data-id=\"484c92c\" data-element_type=\"column\">\n\t\t\t<div class=\"elementor-widget-wrap elementor-element-populated\">\n\t\t\t\t\t\t\t\t<div class=\"elementor-element elementor-element-8c917d2 elementor-position-top elementor-widget elementor-widget-image-box\" data-id=\"8c917d2\" data-element_type=\"widget\" data-widget_type=\"image-box.default\">\n\t\t\t\t<div class=\"elementor-widget-container\">\n\t\t\t<div class=\"elementor-image-box-wrapper\"><figure class=\"elementor-image-box-img\"><img loading=\"lazy\" decoding=\"async\" width=\"60\" height=\"60\" src=\"https:\/\/wheelchair-tours.org\/wp-content\/uploads\/2019\/09\/Wheelchair_Tours_Rollstuhl_Piktogramm_Behindertenparkplatz_2.jpg\" class=\"elementor-animation-grow attachment-full size-full wp-image-2198\" alt=\"Wheelchair_Tours_Rollstuhl_Piktogramm_Behindertenparkplatz_2\" \/><\/figure><div class=\"elementor-image-box-content\"><h3 class=\"elementor-image-box-title\">Parcheggio per disabili<\/h3><p class=\"elementor-image-box-description\">Al punto di partenza del tour o nelle sue vicinanze ci sono 1 o pi\u00f9 parcheggi per disabili.\n\nSi prega di informarsi sulle tariffe del parcheggio in loco.<\/p><\/div><\/div>\t\t<\/div>\n\t\t\t\t<\/div>\n\t\t\t\t<div class=\"elementor-element elementor-element-0471bd1 elementor-position-top elementor-widget elementor-widget-image-box\" data-id=\"0471bd1\" data-element_type=\"widget\" data-widget_type=\"image-box.default\">\n\t\t\t\t<div class=\"elementor-widget-container\">\n\t\t\t<div class=\"elementor-image-box-wrapper\"><figure class=\"elementor-image-box-img\"><img loading=\"lazy\" decoding=\"async\" width=\"60\" height=\"60\" src=\"https:\/\/wheelchair-tours.org\/wp-content\/uploads\/2019\/09\/Wheelchair_Tours_Rollstuhl_Piktogramm_Steigung.jpg\" class=\"elementor-animation-grow attachment-full size-full wp-image-2201\" alt=\"Wheelchair_Tours_Rollstuhl_Piktogramm_Steigung\" \/><\/figure><div class=\"elementor-image-box-content\"><h3 class=\"elementor-image-box-title\">Gradienti di 13% e altro<\/h3><p class=\"elementor-image-box-description\">In questo tour puoi aspettarti salite di 13% e pi\u00f9. Queste a volte possono essere sezioni piuttosto brevi, ma non dovrebbero passare inosservate. In quale punto del tour ci sono ripide pendenze, si pu\u00f2 leggere nella descrizione del percorso.<\/p><\/div><\/div>\t\t<\/div>\n\t\t\t\t<\/div>\n\t\t\t\t\t<\/div>\n\t\t<\/div>\n\t\t\t\t\t\t\t<\/div>\n\t\t<\/section>\n\t\t\t\t\t\t\t<\/div>","protected":false},"excerpt":{"rendered":"<p>DIE TOUR IN BILDERN Mit diesen Informationen hast Du eine schnelle \u00dcbersicht \u00fcber die wichtigsten Punkte der ausgew\u00e4hlten Tour. Jedes Symbol\/Piktogramm steht f\u00fcr einen Punkt, der f\u00fcr Dich bei Deiner Wahl entscheidend sein kann. Die Symbole und ihre Bedeutungen Begleitperson F\u00fcr diese Touren solltest Du eine Begleitperson mitnehmen, da es Streckenabschnitte gibt, die nur schwer &hellip;<\/p>\n<p class=\"read-more\"> <a class=\"\" href=\"https:\/\/wheelchair-tours.org\/it\/die-tour-in-bildern\/\"> <span class=\"screen-reader-text\">Il tour in immagini<\/span> Leggi altro &raquo;<\/a><\/p>","protected":false},"author":1,"featured_media":0,"parent":0,"menu_order":0,"comment_status":"closed","ping_status":"closed","template":"","meta":{"_uag_custom_page_level_css":"","site-sidebar-layout":"no-sidebar","site-content-layout":"page-builder","ast-site-content-layout":"","site-content-style":"default","site-sidebar-style":"default","ast-global-header-display":"","ast-banner-title-visibility":"","ast-main-header-display":"","ast-hfb-above-header-display":"","ast-hfb-below-header-display":"","ast-hfb-mobile-header-display":"","site-post-title":"disabled","ast-breadcrumbs-content":"","ast-featured-img":"disabled","footer-sml-layout":"","theme-transparent-header-meta":"default","adv-header-id-meta":"","stick-header-meta":"","header-above-stick-meta":"","header-main-stick-meta":"","header-below-stick-meta":"","astra-migrate-meta-layouts":"","footnotes":""},"class_list":["post-2202","page","type-page","status-publish","hentry"],"uagb_featured_image_src":{"full":false,"thumbnail":false,"medium":false,"medium_large":false,"large":false,"1536x1536":false,"2048x2048":false,"trp-custom-language-flag":false},"uagb_author_info":{"display_name":"Sabrina","author_link":"https:\/\/wheelchair-tours.org\/it\/author\/sabrina\/"},"uagb_comment_info":0,"uagb_excerpt":"DIE TOUR IN BILDERN Mit diesen Informationen hast Du eine schnelle \u00dcbersicht \u00fcber die wichtigsten Punkte der ausgew\u00e4hlten Tour. Jedes Symbol\/Piktogramm steht f\u00fcr einen Punkt, der f\u00fcr Dich bei Deiner Wahl entscheidend sein kann. Die Symbole und ihre Bedeutungen Begleitperson F\u00fcr diese Touren solltest Du eine Begleitperson mitnehmen, da es Streckenabschnitte gibt, die nur schwer&hellip;","_links":{"self":[{"href":"https:\/\/wheelchair-tours.org\/it\/wp-json\/wp\/v2\/pages\/2202","targetHints":{"allow":["GET"]}}],"collection":[{"href":"https:\/\/wheelchair-tours.org\/it\/wp-json\/wp\/v2\/pages"}],"about":[{"href":"https:\/\/wheelchair-tours.org\/it\/wp-json\/wp\/v2\/types\/page"}],"author":[{"embeddable":true,"href":"https:\/\/wheelchair-tours.org\/it\/wp-json\/wp\/v2\/users\/1"}],"replies":[{"embeddable":true,"href":"https:\/\/wheelchair-tours.org\/it\/wp-json\/wp\/v2\/comments?post=2202"}],"version-history":[{"count":8,"href":"https:\/\/wheelchair-tours.org\/it\/wp-json\/wp\/v2\/pages\/2202\/revisions"}],"predecessor-version":[{"id":6296,"href":"https:\/\/wheelchair-tours.org\/it\/wp-json\/wp\/v2\/pages\/2202\/revisions\/6296"}],"wp:attachment":[{"href":"https:\/\/wheelchair-tours.org\/it\/wp-json\/wp\/v2\/media?parent=2202"}],"curies":[{"name":"wp","href":"https:\/\/api.w.org\/{rel}","templated":true}]}}