{"id":1483,"date":"2019-07-27T21:38:00","date_gmt":"2019-07-27T19:38:00","guid":{"rendered":"https:\/\/wheelchair-tours.org\/?page_id=1483"},"modified":"2021-05-21T16:48:17","modified_gmt":"2021-05-21T14:48:17","slug":"risikohinweise","status":"publish","type":"page","link":"https:\/\/wheelchair-tours.org\/it\/risikohinweise\/","title":{"rendered":"Informazioni sul rischio"},"content":{"rendered":"<div data-elementor-type=\"wp-page\" data-elementor-id=\"1483\" class=\"elementor elementor-1483\">\n\t\t\t\t\t\t\t\t\t<section class=\"has_eae_slider elementor-section elementor-top-section elementor-element elementor-element-33a79095 elementor-section-height-min-height elementor-section-boxed elementor-section-height-default elementor-section-items-middle\" data-eae-slider=\"38083\" data-id=\"33a79095\" data-element_type=\"section\" data-settings=\"{&quot;background_background&quot;:&quot;classic&quot;}\" data-e-bg-lazyload=\"\">\n\t\t\t\t\t\t\t<div class=\"elementor-background-overlay\"><\/div>\n\t\t\t\t\t\t\t<div class=\"elementor-container elementor-column-gap-default\">\n\t\t\t\t\t<div class=\"has_eae_slider elementor-column elementor-col-33 elementor-top-column elementor-element elementor-element-b7194dc\" data-eae-slider=\"22112\" data-id=\"b7194dc\" data-element_type=\"column\">\n\t\t\t<div class=\"elementor-widget-wrap\">\n\t\t\t\t\t\t\t\t\t<\/div>\n\t\t<\/div>\n\t\t\t\t<div class=\"has_eae_slider elementor-column elementor-col-33 elementor-top-column elementor-element elementor-element-3706530d\" data-eae-slider=\"94144\" data-id=\"3706530d\" data-element_type=\"column\">\n\t\t\t<div class=\"elementor-widget-wrap elementor-element-populated\">\n\t\t\t\t\t\t\t\t<div class=\"elementor-element elementor-element-4fff9b0b elementor-widget elementor-widget-icon-box\" data-id=\"4fff9b0b\" data-element_type=\"widget\" data-widget_type=\"icon-box.default\">\n\t\t\t\t<div class=\"elementor-widget-container\">\n\t\t\t\t\t<div class=\"elementor-icon-box-wrapper\">\n\t\t\t\t\t\t<div class=\"elementor-icon-box-content\">\n\t\t\t\t<h1 class=\"elementor-icon-box-title\">\n\t\t\t\t\t<span  >\n\t\t\t\t\t\tINFORMAZIONI SUL RISCHIO\t\t\t\t\t<\/span>\n\t\t\t\t<\/h1>\n\t\t\t\t\t\t\t<\/div>\n\t\t<\/div>\n\t\t\t\t<\/div>\n\t\t\t\t<\/div>\n\t\t\t\t\t<\/div>\n\t\t<\/div>\n\t\t\t\t<div class=\"has_eae_slider elementor-column elementor-col-33 elementor-top-column elementor-element elementor-element-4788e5dc\" data-eae-slider=\"61339\" data-id=\"4788e5dc\" data-element_type=\"column\">\n\t\t\t<div class=\"elementor-widget-wrap\">\n\t\t\t\t\t\t\t\t\t<\/div>\n\t\t<\/div>\n\t\t\t\t\t\t\t<\/div>\n\t\t<\/section>\n\t\t\t\t<section class=\"has_eae_slider elementor-section elementor-top-section elementor-element elementor-element-fa5cb46 elementor-section-boxed elementor-section-height-default elementor-section-height-default\" data-eae-slider=\"17976\" data-id=\"fa5cb46\" data-element_type=\"section\">\n\t\t\t\t\t\t<div class=\"elementor-container elementor-column-gap-default\">\n\t\t\t\t\t<div class=\"has_eae_slider elementor-column elementor-col-16 elementor-top-column elementor-element elementor-element-d1c3ba0\" data-eae-slider=\"50473\" data-id=\"d1c3ba0\" data-element_type=\"column\">\n\t\t\t<div class=\"elementor-widget-wrap\">\n\t\t\t\t\t\t\t\t\t<\/div>\n\t\t<\/div>\n\t\t\t\t<div class=\"has_eae_slider elementor-column elementor-col-66 elementor-top-column elementor-element elementor-element-b55fd1a\" data-eae-slider=\"31735\" data-id=\"b55fd1a\" data-element_type=\"column\">\n\t\t\t<div class=\"elementor-widget-wrap elementor-element-populated\">\n\t\t\t\t\t\t\t\t<div class=\"elementor-element elementor-element-57cf2b9 elementor-widget elementor-widget-spacer\" data-id=\"57cf2b9\" data-element_type=\"widget\" data-widget_type=\"spacer.default\">\n\t\t\t\t<div class=\"elementor-widget-container\">\n\t\t\t\t\t<div class=\"elementor-spacer\">\n\t\t\t<div class=\"elementor-spacer-inner\"><\/div>\n\t\t<\/div>\n\t\t\t\t<\/div>\n\t\t\t\t<\/div>\n\t\t\t\t<div class=\"elementor-element elementor-element-ed1527f elementor-widget elementor-widget-heading\" data-id=\"ed1527f\" data-element_type=\"widget\" data-widget_type=\"heading.default\">\n\t\t\t\t<div class=\"elementor-widget-container\">\n\t\t\t<h2 class=\"elementor-heading-title elementor-size-default\">Informazioni sul rischio<\/h2>\t\t<\/div>\n\t\t\t\t<\/div>\n\t\t\t\t<div class=\"elementor-element elementor-element-732fc8c elementor-widget elementor-widget-text-editor\" data-id=\"732fc8c\" data-element_type=\"widget\" data-widget_type=\"text-editor.default\">\n\t\t\t\t<div class=\"elementor-widget-container\">\n\t\t\t\t\t\t\t<p style=\"text-align: center;\"><span style=\"color: #333333;\">Prima di iniziare uno dei nostri tour, vi chiediamo di leggere le nostre informazioni sui rischi.<\/span><\/p>\t\t\t\t\t\t<\/div>\n\t\t\t\t<\/div>\n\t\t\t\t<div class=\"elementor-element elementor-element-db092ce elementor-widget elementor-widget-heading\" data-id=\"db092ce\" data-element_type=\"widget\" data-widget_type=\"heading.default\">\n\t\t\t\t<div class=\"elementor-widget-container\">\n\t\t\t<h3 class=\"elementor-heading-title elementor-size-default\">1.\n<\/h3>\t\t<\/div>\n\t\t\t\t<\/div>\n\t\t\t\t<div class=\"elementor-element elementor-element-8ae8264 elementor-widget elementor-widget-heading\" data-id=\"8ae8264\" data-element_type=\"widget\" data-widget_type=\"heading.default\">\n\t\t\t\t<div class=\"elementor-widget-container\">\n\t\t\t<h3 class=\"elementor-heading-title elementor-size-default\">La nostra offerta\n<\/h3>\t\t<\/div>\n\t\t\t\t<\/div>\n\t\t\t\t<div class=\"elementor-element elementor-element-ccdba9d elementor-widget elementor-widget-text-editor\" data-id=\"ccdba9d\" data-element_type=\"widget\" data-widget_type=\"text-editor.default\">\n\t\t\t\t<div class=\"elementor-widget-container\">\n\t\t\t\t\t\t\t<p>Abbiamo fatto il nostro lavoro per offrire alle persone in sedia a rotelle la possibilit\u00e0 di esplorare le Alpi da soli e in un ambiente bellissimo. Per questo proviamo noi stessi i percorsi, mettiamo su internet il maggior numero possibile di dettagli e offriamo ai nostri lettori la possibilit\u00e0 di esplorare da soli il bellissimo mondo delle Alpi. Se questo non fosse possibile da soli, lo indicheremo nelle descrizioni dei tour. Spesso una piccola difficolt\u00e0 pu\u00f2 essere superata con un accompagnatore e il tour pu\u00f2 essere effettuato senza problemi. Speriamo che i sentieri delle Alpi diventino gradualmente accessibili alle persone in sedia a rotelle.<\/p>\t\t\t\t\t\t<\/div>\n\t\t\t\t<\/div>\n\t\t\t\t<div class=\"elementor-element elementor-element-604aa8e elementor-widget elementor-widget-heading\" data-id=\"604aa8e\" data-element_type=\"widget\" data-widget_type=\"heading.default\">\n\t\t\t\t<div class=\"elementor-widget-container\">\n\t\t\t<h3 class=\"elementor-heading-title elementor-size-default\">2.<\/h3>\t\t<\/div>\n\t\t\t\t<\/div>\n\t\t\t\t<div class=\"elementor-element elementor-element-35bb77b elementor-widget elementor-widget-heading\" data-id=\"35bb77b\" data-element_type=\"widget\" data-widget_type=\"heading.default\">\n\t\t\t\t<div class=\"elementor-widget-container\">\n\t\t\t<h3 class=\"elementor-heading-title elementor-size-default\">possibili cambiamenti<\/h3>\t\t<\/div>\n\t\t\t\t<\/div>\n\t\t\t\t<div class=\"elementor-element elementor-element-d51dba9 elementor-widget elementor-widget-text-editor\" data-id=\"d51dba9\" data-element_type=\"widget\" data-widget_type=\"text-editor.default\">\n\t\t\t\t<div class=\"elementor-widget-container\">\n\t\t\t\t\t\t\t<p><span style=\"color: #333333;\">Purtroppo anche la nostra offerta \u00e8 un'istantanea. Conserviamo le informazioni sui tour per un giorno specifico - cio\u00e8 quando abbiamo fatto noi stessi i tour. A causa di circostanze esterne, tuttavia, qualcosa potrebbe essere cambiato nel frattempo. Pu\u00f2 trattarsi, per esempio, di influenze legate al tempo, ma anche di interventi della silvicoltura, dell'associazione degli agricoltori o dei rispettivi comuni. Vorremmo quindi segnalare a tutti i nostri lettori di controllare la rispettiva data di pubblicazione prima di mettersi in viaggio.\u00a0<\/span><\/p>\t\t\t\t\t\t<\/div>\n\t\t\t\t<\/div>\n\t\t\t\t<div class=\"elementor-element elementor-element-5787101 elementor-widget elementor-widget-heading\" data-id=\"5787101\" data-element_type=\"widget\" data-widget_type=\"heading.default\">\n\t\t\t\t<div class=\"elementor-widget-container\">\n\t\t\t<h3 class=\"elementor-heading-title elementor-size-default\">3.<\/h3>\t\t<\/div>\n\t\t\t\t<\/div>\n\t\t\t\t<div class=\"elementor-element elementor-element-0d13919 elementor-widget elementor-widget-heading\" data-id=\"0d13919\" data-element_type=\"widget\" data-widget_type=\"heading.default\">\n\t\t\t\t<div class=\"elementor-widget-container\">\n\t\t\t<h3 class=\"elementor-heading-title elementor-size-default\">Limitazione di responsabilit\u00e0<\/h3>\t\t<\/div>\n\t\t\t\t<\/div>\n\t\t\t\t<div class=\"elementor-element elementor-element-fc64a3c elementor-widget elementor-widget-text-editor\" data-id=\"fc64a3c\" data-element_type=\"widget\" data-widget_type=\"text-editor.default\">\n\t\t\t\t<div class=\"elementor-widget-container\">\n\t\t\t\t\t\t\t<p>I contenuti di questo sito web sono creati con la massima cura possibile. Tuttavia, il fornitore del sito web non garantisce l'accuratezza, la completezza e l'attualit\u00e0 del contenuto fornito. L'uso dei contenuti del sito web \u00e8 a rischio e pericolo dell'utente. Il cliente intraprende tutte le attivit\u00e0 esclusivamente e senza restrizioni a proprio rischio e pericolo. Poich\u00e9 i nostri tour sono descritti come tour self-drive, ogni utente del sito web che prova un tour \u00e8 responsabile dei suoi aiuti tecnici e delle sue azioni.<\/p>\t\t\t\t\t\t<\/div>\n\t\t\t\t<\/div>\n\t\t\t\t<div class=\"elementor-element elementor-element-244ed70 elementor-widget elementor-widget-heading\" data-id=\"244ed70\" data-element_type=\"widget\" data-widget_type=\"heading.default\">\n\t\t\t\t<div class=\"elementor-widget-container\">\n\t\t\t<h3 class=\"elementor-heading-title elementor-size-default\">4.<\/h3>\t\t<\/div>\n\t\t\t\t<\/div>\n\t\t\t\t<div class=\"elementor-element elementor-element-7b95cbd elementor-widget elementor-widget-heading\" data-id=\"7b95cbd\" data-element_type=\"widget\" data-widget_type=\"heading.default\">\n\t\t\t\t<div class=\"elementor-widget-container\">\n\t\t\t<h3 class=\"elementor-heading-title elementor-size-default\">Livelli di difficolt\u00e0<\/h3>\t\t<\/div>\n\t\t\t\t<\/div>\n\t\t\t\t<div class=\"elementor-element elementor-element-3ee8973 elementor-widget elementor-widget-text-editor\" data-id=\"3ee8973\" data-element_type=\"widget\" data-widget_type=\"text-editor.default\">\n\t\t\t\t<div class=\"elementor-widget-container\">\n\t\t\t\t\t\t\t<p>I livelli di difficolt\u00e0 descritti sono stati creati, descritti e testati sulla base della nostra esperienza. Tuttavia, questi sono solo una guida per l'utente per un migliore orientamento. Se un tour non dovesse corrispondere al grado di difficolt\u00e0 indicato o questo fosse percepito diversamente da un utente del sito web, l'operatore del sito web non pu\u00f2 essere ritenuto responsabile per questo, poich\u00e9 \u00e8 stato espressamente sottolineato che la classificazione dei gradi di difficolt\u00e0 \u00e8 un'istantanea personale.<\/p>\t\t\t\t\t\t<\/div>\n\t\t\t\t<\/div>\n\t\t\t\t<div class=\"elementor-element elementor-element-89f70a3 elementor-widget elementor-widget-heading\" data-id=\"89f70a3\" data-element_type=\"widget\" data-widget_type=\"heading.default\">\n\t\t\t\t<div class=\"elementor-widget-container\">\n\t\t\t<h3 class=\"elementor-heading-title elementor-size-default\">5.<\/h3>\t\t<\/div>\n\t\t\t\t<\/div>\n\t\t\t\t<div class=\"elementor-element elementor-element-ef8ed33 elementor-widget elementor-widget-heading\" data-id=\"ef8ed33\" data-element_type=\"widget\" data-widget_type=\"heading.default\">\n\t\t\t\t<div class=\"elementor-widget-container\">\n\t\t\t<h3 class=\"elementor-heading-title elementor-size-default\">Note nelle descrizioni dei tour<\/h3>\t\t<\/div>\n\t\t\t\t<\/div>\n\t\t\t\t<div class=\"elementor-element elementor-element-4dbadaf elementor-widget elementor-widget-text-editor\" data-id=\"4dbadaf\" data-element_type=\"widget\" data-widget_type=\"text-editor.default\">\n\t\t\t\t<div class=\"elementor-widget-container\">\n\t\t\t\t\t\t\t<p>Le informazioni contenute nelle descrizioni dei tour sono state ricercate con la massima cura possibile. Tuttavia, sono solo una guida, poich\u00e9 le condizioni sul posto possono cambiare in qualsiasi momento. Pertanto, i consigli devono essere considerati come raccomandazioni.<\/p>\t\t\t\t\t\t<\/div>\n\t\t\t\t<\/div>\n\t\t\t\t<div class=\"elementor-element elementor-element-aa4434f elementor-widget elementor-widget-heading\" data-id=\"aa4434f\" data-element_type=\"widget\" data-widget_type=\"heading.default\">\n\t\t\t\t<div class=\"elementor-widget-container\">\n\t\t\t<h3 class=\"elementor-heading-title elementor-size-default\">6.<\/h3>\t\t<\/div>\n\t\t\t\t<\/div>\n\t\t\t\t<div class=\"elementor-element elementor-element-d16b7a9 elementor-widget elementor-widget-heading\" data-id=\"d16b7a9\" data-element_type=\"widget\" data-widget_type=\"heading.default\">\n\t\t\t\t<div class=\"elementor-widget-container\">\n\t\t\t<h3 class=\"elementor-heading-title elementor-size-default\">Prima di iniziare il tour<\/h3>\t\t<\/div>\n\t\t\t\t<\/div>\n\t\t\t\t<div class=\"elementor-element elementor-element-f9a207b elementor-widget elementor-widget-text-editor\" data-id=\"f9a207b\" data-element_type=\"widget\" data-widget_type=\"text-editor.default\">\n\t\t\t\t<div class=\"elementor-widget-container\">\n\t\t\t\t\t\t\t<p>Prima di iniziare i tour, ogni utente del sito web \u00e8 indipendentemente responsabile del controllo dei suoi aiuti, del percorso e delle condizioni esterne come il tempo, ecc. Se dovesse risultare che c'\u00e8 un rischio associato alla guida del tour, i tour non dovrebbero essere tentati. In ogni caso, i mezzi ausiliari devono essere dotati di pneumatici all-terrain e di un battistrada adeguato. Bisogna mettere in valigia abbastanza cibo\/vestiti\/bevande e fare attenzione che le temperature non danneggino il corpo. Se necessario, le coperte ecc. devono essere imballate. Allo stesso modo dovrebbe un<br \/>I mezzi di comunicazione devono essere disponibili, perch\u00e9 in montagna non ci sono sempre altre persone per aiutare.<br \/>Tuttavia, assumiamo che i nostri lettori siano individui maturi che sono in grado di valutare al meglio le proprie esigenze di sicurezza.<\/p>\t\t\t\t\t\t<\/div>\n\t\t\t\t<\/div>\n\t\t\t\t<div class=\"elementor-element elementor-element-81a5a96 elementor-widget elementor-widget-heading\" data-id=\"81a5a96\" data-element_type=\"widget\" data-widget_type=\"heading.default\">\n\t\t\t\t<div class=\"elementor-widget-container\">\n\t\t\t<h3 class=\"elementor-heading-title elementor-size-default\">7.<\/h3>\t\t<\/div>\n\t\t\t\t<\/div>\n\t\t\t\t<div class=\"elementor-element elementor-element-ec6fd65 elementor-widget elementor-widget-heading\" data-id=\"ec6fd65\" data-element_type=\"widget\" data-widget_type=\"heading.default\">\n\t\t\t\t<div class=\"elementor-widget-container\">\n\t\t\t<h3 class=\"elementor-heading-title elementor-size-default\">link esterni<\/h3>\t\t<\/div>\n\t\t\t\t<\/div>\n\t\t\t\t<div class=\"elementor-element elementor-element-b54fdda elementor-widget elementor-widget-text-editor\" data-id=\"b54fdda\" data-element_type=\"widget\" data-widget_type=\"text-editor.default\">\n\t\t\t\t<div class=\"elementor-widget-container\">\n\t\t\t\t\t\t\t<p>Questo sito web contiene link a siti web di terzi (\"link esterni\"). Questi siti web sono soggetti alla responsabilit\u00e0 dei rispettivi operatori. Quando i link esterni sono stati creati per la prima volta, il fornitore ha controllato il contenuto esterno per qualsiasi violazione legale. In quel momento, nessuna violazione legale era evidente. Il fornitore non ha alcuna influenza sul design attuale e futuro e sul contenuto delle pagine collegate. L'inclusione di link esterni non implica che il fornitore adotti il contenuto dietro il riferimento o il link come proprio. Non \u00e8 ragionevole che il provider controlli costantemente i link esterni senza prove concrete di violazioni legali. In caso di conoscenza di violazioni legali, tuttavia, tali link esterni saranno cancellati immediatamente.<\/p>\t\t\t\t\t\t<\/div>\n\t\t\t\t<\/div>\n\t\t\t\t\t<\/div>\n\t\t<\/div>\n\t\t\t\t<div class=\"has_eae_slider elementor-column elementor-col-16 elementor-top-column elementor-element elementor-element-7bd28e3\" data-eae-slider=\"72944\" data-id=\"7bd28e3\" data-element_type=\"column\">\n\t\t\t<div class=\"elementor-widget-wrap\">\n\t\t\t\t\t\t\t\t\t<\/div>\n\t\t<\/div>\n\t\t\t\t\t\t\t<\/div>\n\t\t<\/section>\n\t\t\t\t\t\t\t<\/div>","protected":false},"excerpt":{"rendered":"<p>RISIKOHINWEISE Risikohinweise Bevor Du mit einer unserer Touren startest, m\u00f6chten wir Dich bitten, Dir unsere Risikohinweise durchzulesen. 1. Unser Angebot Wir haben es uns zur Aufgabe gemacht, Rollstuhlfahrern eine M\u00f6glichkeit zu bieten, die Alpen auf eigene Faust und in einer sch\u00f6nen Umgebung selbst zu erkunden. Daher probieren wir die Routen selbst aus, stellen so viele &hellip;<\/p>\n<p class=\"read-more\"> <a class=\"\" href=\"https:\/\/wheelchair-tours.org\/it\/risikohinweise\/\"> <span class=\"screen-reader-text\">Informazioni sul rischio<\/span> Leggi altro &raquo;<\/a><\/p>","protected":false},"author":1,"featured_media":0,"parent":0,"menu_order":0,"comment_status":"closed","ping_status":"closed","template":"","meta":{"_uag_custom_page_level_css":"","site-sidebar-layout":"no-sidebar","site-content-layout":"page-builder","ast-site-content-layout":"","site-content-style":"default","site-sidebar-style":"default","ast-global-header-display":"","ast-banner-title-visibility":"","ast-main-header-display":"","ast-hfb-above-header-display":"","ast-hfb-below-header-display":"","ast-hfb-mobile-header-display":"","site-post-title":"disabled","ast-breadcrumbs-content":"","ast-featured-img":"disabled","footer-sml-layout":"","theme-transparent-header-meta":"enabled","adv-header-id-meta":"","stick-header-meta":"","header-above-stick-meta":"","header-main-stick-meta":"","header-below-stick-meta":"","astra-migrate-meta-layouts":"","footnotes":""},"class_list":["post-1483","page","type-page","status-publish","hentry"],"uagb_featured_image_src":{"full":false,"thumbnail":false,"medium":false,"medium_large":false,"large":false,"1536x1536":false,"2048x2048":false,"trp-custom-language-flag":false},"uagb_author_info":{"display_name":"Sabrina","author_link":"https:\/\/wheelchair-tours.org\/it\/author\/sabrina\/"},"uagb_comment_info":0,"uagb_excerpt":"RISIKOHINWEISE Risikohinweise Bevor Du mit einer unserer Touren startest, m\u00f6chten wir Dich bitten, Dir unsere Risikohinweise durchzulesen. 1. Unser Angebot Wir haben es uns zur Aufgabe gemacht, Rollstuhlfahrern eine M\u00f6glichkeit zu bieten, die Alpen auf eigene Faust und in einer sch\u00f6nen Umgebung selbst zu erkunden. Daher probieren wir die Routen selbst aus, stellen so viele&hellip;","_links":{"self":[{"href":"https:\/\/wheelchair-tours.org\/it\/wp-json\/wp\/v2\/pages\/1483","targetHints":{"allow":["GET"]}}],"collection":[{"href":"https:\/\/wheelchair-tours.org\/it\/wp-json\/wp\/v2\/pages"}],"about":[{"href":"https:\/\/wheelchair-tours.org\/it\/wp-json\/wp\/v2\/types\/page"}],"author":[{"embeddable":true,"href":"https:\/\/wheelchair-tours.org\/it\/wp-json\/wp\/v2\/users\/1"}],"replies":[{"embeddable":true,"href":"https:\/\/wheelchair-tours.org\/it\/wp-json\/wp\/v2\/comments?post=1483"}],"version-history":[{"count":7,"href":"https:\/\/wheelchair-tours.org\/it\/wp-json\/wp\/v2\/pages\/1483\/revisions"}],"predecessor-version":[{"id":6185,"href":"https:\/\/wheelchair-tours.org\/it\/wp-json\/wp\/v2\/pages\/1483\/revisions\/6185"}],"wp:attachment":[{"href":"https:\/\/wheelchair-tours.org\/it\/wp-json\/wp\/v2\/media?parent=1483"}],"curies":[{"name":"wp","href":"https:\/\/api.w.org\/{rel}","templated":true}]}}