{"id":1455,"date":"2019-07-20T17:09:26","date_gmt":"2019-07-20T15:09:26","guid":{"rendered":"https:\/\/wheelchair-tours.org\/?page_id=1455"},"modified":"2021-05-21T17:02:33","modified_gmt":"2021-05-21T15:02:33","slug":"allgemeine-geschaeftsbedingungen","status":"publish","type":"page","link":"https:\/\/wheelchair-tours.org\/en\/allgemeine-geschaeftsbedingungen\/","title":{"rendered":"General terms and conditions"},"content":{"rendered":"<div data-elementor-type=\"wp-page\" data-elementor-id=\"1455\" class=\"elementor elementor-1455\">\n\t\t\t\t\t\t\t\t\t<section class=\"has_eae_slider elementor-section elementor-top-section elementor-element elementor-element-33a79095 elementor-section-boxed elementor-section-height-default elementor-section-height-default\" data-eae-slider=\"52135\" data-id=\"33a79095\" data-element_type=\"section\" data-settings=\"{&quot;background_background&quot;:&quot;classic&quot;}\" data-e-bg-lazyload=\"\">\n\t\t\t\t\t\t\t<div class=\"elementor-background-overlay\"><\/div>\n\t\t\t\t\t\t\t<div class=\"elementor-container elementor-column-gap-default\">\n\t\t\t\t\t<div class=\"has_eae_slider elementor-column elementor-col-33 elementor-top-column elementor-element elementor-element-b7194dc\" data-eae-slider=\"66254\" data-id=\"b7194dc\" data-element_type=\"column\">\n\t\t\t<div class=\"elementor-widget-wrap\">\n\t\t\t\t\t\t\t\t\t<\/div>\n\t\t<\/div>\n\t\t\t\t<div class=\"has_eae_slider elementor-column elementor-col-33 elementor-top-column elementor-element elementor-element-3706530d\" data-eae-slider=\"21005\" data-id=\"3706530d\" data-element_type=\"column\">\n\t\t\t<div class=\"elementor-widget-wrap elementor-element-populated\">\n\t\t\t\t\t\t\t\t<div class=\"elementor-element elementor-element-4fff9b0b elementor-view-default elementor-position-top elementor-mobile-position-top elementor-widget elementor-widget-icon-box\" data-id=\"4fff9b0b\" data-element_type=\"widget\" data-widget_type=\"icon-box.default\">\n\t\t\t\t<div class=\"elementor-widget-container\">\n\t\t\t\t\t<div class=\"elementor-icon-box-wrapper\">\n\t\t\t\t\t\t<div class=\"elementor-icon-box-icon\">\n\t\t\t\t<span  class=\"elementor-icon elementor-animation-\">\n\t\t\t\t\t\t\t\t<\/span>\n\t\t\t<\/div>\n\t\t\t\t\t\t<div class=\"elementor-icon-box-content\">\n\t\t\t\t<h1 class=\"elementor-icon-box-title\">\n\t\t\t\t\t<span  >\n\t\t\t\t\t\tAGB\t\t\t\t\t<\/span>\n\t\t\t\t<\/h1>\n\t\t\t\t\t\t\t<\/div>\n\t\t<\/div>\n\t\t\t\t<\/div>\n\t\t\t\t<\/div>\n\t\t\t\t\t<\/div>\n\t\t<\/div>\n\t\t\t\t<div class=\"has_eae_slider elementor-column elementor-col-33 elementor-top-column elementor-element elementor-element-4788e5dc\" data-eae-slider=\"10706\" data-id=\"4788e5dc\" data-element_type=\"column\">\n\t\t\t<div class=\"elementor-widget-wrap\">\n\t\t\t\t\t\t\t\t\t<\/div>\n\t\t<\/div>\n\t\t\t\t\t\t\t<\/div>\n\t\t<\/section>\n\t\t\t\t<section class=\"has_eae_slider elementor-section elementor-top-section elementor-element elementor-element-fa5cb46 elementor-section-boxed elementor-section-height-default elementor-section-height-default\" data-eae-slider=\"76153\" data-id=\"fa5cb46\" data-element_type=\"section\">\n\t\t\t\t\t\t<div class=\"elementor-container elementor-column-gap-default\">\n\t\t\t\t\t<div class=\"has_eae_slider elementor-column elementor-col-16 elementor-top-column elementor-element elementor-element-d1c3ba0\" data-eae-slider=\"10850\" data-id=\"d1c3ba0\" data-element_type=\"column\">\n\t\t\t<div class=\"elementor-widget-wrap\">\n\t\t\t\t\t\t\t\t\t<\/div>\n\t\t<\/div>\n\t\t\t\t<div class=\"has_eae_slider elementor-column elementor-col-66 elementor-top-column elementor-element elementor-element-b55fd1a\" data-eae-slider=\"36070\" data-id=\"b55fd1a\" data-element_type=\"column\">\n\t\t\t<div class=\"elementor-widget-wrap elementor-element-populated\">\n\t\t\t\t\t\t\t\t<div class=\"elementor-element elementor-element-57cf2b9 elementor-widget elementor-widget-spacer\" data-id=\"57cf2b9\" data-element_type=\"widget\" data-widget_type=\"spacer.default\">\n\t\t\t\t<div class=\"elementor-widget-container\">\n\t\t\t\t\t<div class=\"elementor-spacer\">\n\t\t\t<div class=\"elementor-spacer-inner\"><\/div>\n\t\t<\/div>\n\t\t\t\t<\/div>\n\t\t\t\t<\/div>\n\t\t\t\t<div class=\"elementor-element elementor-element-ed1527f elementor-widget elementor-widget-heading\" data-id=\"ed1527f\" data-element_type=\"widget\" data-widget_type=\"heading.default\">\n\t\t\t\t<div class=\"elementor-widget-container\">\n\t\t\t<h2 class=\"elementor-heading-title elementor-size-default\">General Terms and Conditions of Sale B2C <\/h2>\t\t<\/div>\n\t\t\t\t<\/div>\n\t\t\t\t<div class=\"elementor-element elementor-element-732fc8c elementor-widget elementor-widget-text-editor\" data-id=\"732fc8c\" data-element_type=\"widget\" data-widget_type=\"text-editor.default\">\n\t\t\t\t<div class=\"elementor-widget-container\">\n\t\t\t\t\t\t\t<p style=\"text-align: center;\"><span style=\"color: #333333;\">for digital downloads of prefabricated copyrighted works (photos, drawings, maps, designs, texts, pdfs, books, videos, plans, etc.)<\/span><\/p>\t\t\t\t\t\t<\/div>\n\t\t\t\t<\/div>\n\t\t\t\t<div class=\"elementor-element elementor-element-db092ce elementor-widget elementor-widget-heading\" data-id=\"db092ce\" data-element_type=\"widget\" data-widget_type=\"heading.default\">\n\t\t\t\t<div class=\"elementor-widget-container\">\n\t\t\t<h3 class=\"elementor-heading-title elementor-size-default\">\u00a7 1\n<\/h3>\t\t<\/div>\n\t\t\t\t<\/div>\n\t\t\t\t<div class=\"elementor-element elementor-element-8ae8264 elementor-widget elementor-widget-heading\" data-id=\"8ae8264\" data-element_type=\"widget\" data-widget_type=\"heading.default\">\n\t\t\t\t<div class=\"elementor-widget-container\">\n\t\t\t<h3 class=\"elementor-heading-title elementor-size-default\">General - Scope - Definitions\n<\/h3>\t\t<\/div>\n\t\t\t\t<\/div>\n\t\t\t\t<div class=\"elementor-element elementor-element-5054fa6 elementor-widget elementor-widget-text-editor\" data-id=\"5054fa6\" data-element_type=\"widget\" data-widget_type=\"text-editor.default\">\n\t\t\t\t<div class=\"elementor-widget-container\">\n\t\t\t\t\t\t\t<ol><li style=\"text-align: left;\"><span style=\"color: #333333;\">Our terms of sale apply to all our offers, sales, deliveries and services.<br \/><br \/><\/span><\/li><li style=\"text-align: left;\"><span style=\"color: #333333;\">A consumer in the sense of \u00a7 13 BGB is any natural person who enters into a legal transaction for a purpose that can be attributed neither to his commercial nor to his independent professional activity.<br \/><br \/><\/span><\/li><li style=\"text-align: left;\"><span style=\"color: #333333;\">An entrepreneur in the sense of \u00a7 14 BGB is a natural or legal person or a partnership with legal capacity who, when concluding a legal transaction, acts in the exercise of his commercial or independent professional activity.<\/span><\/li><\/ol>\t\t\t\t\t\t<\/div>\n\t\t\t\t<\/div>\n\t\t\t\t<div class=\"elementor-element elementor-element-604aa8e elementor-widget elementor-widget-heading\" data-id=\"604aa8e\" data-element_type=\"widget\" data-widget_type=\"heading.default\">\n\t\t\t\t<div class=\"elementor-widget-container\">\n\t\t\t<h3 class=\"elementor-heading-title elementor-size-default\">\u00a7 2<\/h3>\t\t<\/div>\n\t\t\t\t<\/div>\n\t\t\t\t<div class=\"elementor-element elementor-element-35bb77b elementor-widget elementor-widget-heading\" data-id=\"35bb77b\" data-element_type=\"widget\" data-widget_type=\"heading.default\">\n\t\t\t\t<div class=\"elementor-widget-container\">\n\t\t\t<h3 class=\"elementor-heading-title elementor-size-default\">Offer - Conclusion of contract<\/h3>\t\t<\/div>\n\t\t\t\t<\/div>\n\t\t\t\t<div class=\"elementor-element elementor-element-e5d2e43 elementor-widget elementor-widget-text-editor\" data-id=\"e5d2e43\" data-element_type=\"widget\" data-widget_type=\"text-editor.default\">\n\t\t\t\t<div class=\"elementor-widget-container\">\n\t\t\t\t\t\t\t<ol><li><span style=\"color: #333333;\">The purchase contract is concluded with Sabrina Siemons, Moorweg 12, 21354 Bleckede.<br \/><br \/><\/span><\/li><li><span style=\"color: #333333;\">The contract is concluded by personal conclusion at our place, by means of remote communication or on our website.<br \/><br \/><\/span><\/li><li><span style=\"color: #333333;\">The sales process is handled by the service provider Digistore24.com.<br \/><br \/><\/span><\/li><li><span style=\"color: #333333;\">The customer can initially place the products in the shopping cart without obligation and edit his details to complete the purchase. The customer can correct the products in the shopping cart and his entries at any time by using the navigation buttons provided.<br \/><br \/><\/span><\/li><li><span style=\"color: #333333;\">When concluding a contract on the Digistore24 website, the customer makes a binding offer to enter into a contract by clicking the \"order with costs\" button on the Digistore24 website. The contract is then concluded by our provision of the products for download; at the same time, the customer also receives these GTC and the cancellation policy in text form sent by email, as well as other documents from Digistore24.<br \/><br \/><\/span><\/li><li><span style=\"color: #333333;\">The contractual language is German.<br \/><br \/><\/span><\/li><li><span style=\"color: #333333;\">A written contract will be kept and stored by us, but a contract can also be concluded orally. Contracts on our website are not stored by us.<\/span><\/li><\/ol>\t\t\t\t\t\t<\/div>\n\t\t\t\t<\/div>\n\t\t\t\t<div class=\"elementor-element elementor-element-5787101 elementor-widget elementor-widget-heading\" data-id=\"5787101\" data-element_type=\"widget\" data-widget_type=\"heading.default\">\n\t\t\t\t<div class=\"elementor-widget-container\">\n\t\t\t<h3 class=\"elementor-heading-title elementor-size-default\">\u00a7 3<\/h3>\t\t<\/div>\n\t\t\t\t<\/div>\n\t\t\t\t<div class=\"elementor-element elementor-element-0d13919 elementor-widget elementor-widget-heading\" data-id=\"0d13919\" data-element_type=\"widget\" data-widget_type=\"heading.default\">\n\t\t\t\t<div class=\"elementor-widget-container\">\n\t\t\t<h3 class=\"elementor-heading-title elementor-size-default\">Prices - Terms of payment - Means of payment<\/h3>\t\t<\/div>\n\t\t\t\t<\/div>\n\t\t\t\t<div class=\"elementor-element elementor-element-c4234a6 elementor-widget elementor-widget-text-editor\" data-id=\"c4234a6\" data-element_type=\"widget\" data-widget_type=\"text-editor.default\">\n\t\t\t\t<div class=\"elementor-widget-container\">\n\t\t\t\t\t\t\t<ol><li><span style=\"color: #333333;\">Unless otherwise agreed, all prices are inclusive of value added tax.<br \/><br \/><\/span><\/li><li><span style=\"color: #333333;\">If the customer is in default of payment, he shall be obliged to reimburse a flat rate of \u20ac 1.50 for expenses for each (further) reminder; however, the customer shall be at liberty to prove that we have incurred no or less damage.<br \/><br \/><\/span><\/li><li><span style=\"color: #333333;\">The following payment methods are available to the customer:<br \/><\/span><span style=\"color: #333333;\">\u00a0- Paypal, here the payment is made via the way the customer has agreed with PayPal, more details can be found in the conditions of Paypal.<br \/><\/span><span style=\"color: #333333;\">\u00a0- Credit card, here the debit takes place after acceptance of the contract offer by us<br \/><\/span><span style=\"color: #333333;\">\u00a0- Direct debit, here the debit takes place with the provision of the products for the customer.<br \/><\/span><span style=\"color: #333333;\">\u00a0- Sofort \u00dcberweisung, here the transfer to our account is executed immediately. The customer needs the same data for this as for his online banking, the details result from the dialogue when carrying out the instant transfer.<br \/><br \/><\/span><\/li><li><span style=\"color: #333333;\">If charges are incurred for a return debit note by the customer, the customer shall bear these charges insofar as the customer was responsible for the return debit note, i.e. it was not justified.<\/span><\/li><\/ol>\t\t\t\t\t\t<\/div>\n\t\t\t\t<\/div>\n\t\t\t\t<div class=\"elementor-element elementor-element-244ed70 elementor-widget elementor-widget-heading\" data-id=\"244ed70\" data-element_type=\"widget\" data-widget_type=\"heading.default\">\n\t\t\t\t<div class=\"elementor-widget-container\">\n\t\t\t<h3 class=\"elementor-heading-title elementor-size-default\">\u00a7 4<\/h3>\t\t<\/div>\n\t\t\t\t<\/div>\n\t\t\t\t<div class=\"elementor-element elementor-element-8c2b48e elementor-widget elementor-widget-heading\" data-id=\"8c2b48e\" data-element_type=\"widget\" data-widget_type=\"heading.default\">\n\t\t\t\t<div class=\"elementor-widget-container\">\n\t\t\t<h3 class=\"elementor-heading-title elementor-size-default\">Delivery <\/h3>\t\t<\/div>\n\t\t\t\t<\/div>\n\t\t\t\t<div class=\"elementor-element elementor-element-7d25d1a elementor-widget elementor-widget-text-editor\" data-id=\"7d25d1a\" data-element_type=\"widget\" data-widget_type=\"text-editor.default\">\n\t\t\t\t<div class=\"elementor-widget-container\">\n\t\t\t\t\t\t\t<ol><li><span style=\"color: #333333;\">The contractual products are made available for download by the customer via the service provider Digistore24 in the format specified on the website.\u00a0<\/span><br \/><span style=\"color: #333333;\"> \u00a0 \u00a0<\/span><\/li><li><span style=\"color: #333333;\">If the download does not work, please visit the help section on the website of our service provider Digistore24. If this does not solve the problem, please write to the delivery address given in the imprint.<\/span><\/li><\/ol>\t\t\t\t\t\t<\/div>\n\t\t\t\t<\/div>\n\t\t\t\t<div class=\"elementor-element elementor-element-89f70a3 elementor-widget elementor-widget-heading\" data-id=\"89f70a3\" data-element_type=\"widget\" data-widget_type=\"heading.default\">\n\t\t\t\t<div class=\"elementor-widget-container\">\n\t\t\t<h3 class=\"elementor-heading-title elementor-size-default\">\u00a7 5<\/h3>\t\t<\/div>\n\t\t\t\t<\/div>\n\t\t\t\t<div class=\"elementor-element elementor-element-108f6a6 elementor-widget elementor-widget-heading\" data-id=\"108f6a6\" data-element_type=\"widget\" data-widget_type=\"heading.default\">\n\t\t\t\t<div class=\"elementor-widget-container\">\n\t\t\t<h3 class=\"elementor-heading-title elementor-size-default\">Cancellation - Cancellation form<\/h3>\t\t<\/div>\n\t\t\t\t<\/div>\n\t\t\t\t<div class=\"elementor-element elementor-element-9b9ae2d elementor-widget elementor-widget-text-editor\" data-id=\"9b9ae2d\" data-element_type=\"widget\" data-widget_type=\"text-editor.default\">\n\t\t\t\t<div class=\"elementor-widget-container\">\n\t\t\t\t\t\t\t<ol><li><span style=\"color: #333333;\">Consumers in the sense of \u00a7 13 BGB are entitled to a right of withdrawal. A consumer is any natural person who enters into a legal transaction for a purpose that can be attributed neither to his commercial nor to his independent professional activity.<\/span><br \/><br \/><\/li><li><span style=\"color: #333333;\">Attention: Since you have requested the immediate provision of the service by us and we have informed you of the expiry of your right of withdrawal, the subsequent right of withdrawal expires immediately as soon as you have accepted the service (e.g. by logging in or downloading).<\/span><\/li><\/ol>\t\t\t\t\t\t<\/div>\n\t\t\t\t<\/div>\n\t\t\t\t<div class=\"elementor-element elementor-element-fa3c647 elementor-widget elementor-widget-heading\" data-id=\"fa3c647\" data-element_type=\"widget\" data-widget_type=\"heading.default\">\n\t\t\t\t<div class=\"elementor-widget-container\">\n\t\t\t<h3 class=\"elementor-heading-title elementor-size-default\">Right of withdrawal<\/h3>\t\t<\/div>\n\t\t\t\t<\/div>\n\t\t\t\t<div class=\"elementor-element elementor-element-a5e8380 elementor-widget elementor-widget-text-editor\" data-id=\"a5e8380\" data-element_type=\"widget\" data-widget_type=\"text-editor.default\">\n\t\t\t\t<div class=\"elementor-widget-container\">\n\t\t\t\t\t\t\t<p><span style=\"color: #333333;\">You have the right to cancel this contract within fourteen days without giving any reason. The withdrawal period is fourteen days from the date of conclusion of the contract.\u00a0<\/span><\/p><p><span style=\"color: #333333;\">To exercise your right of withdrawal, you must contact us Sabrina Siemons, Moorweg 12, 21354 Bleckede, email address: <a style=\"color: #333333;\" href=\"mailto:info@wheelchair-tours.org\">info@wheelchair-tours.org<\/a>You can inform us of your decision to revoke this contract by means of a clear declaration (e.g. a letter sent by post, fax or e-mail). You can use the attached model withdrawal form, which is not mandatory. <\/span><\/p><p><span style=\"color: #333333;\">In order to comply with the cancellation period, it is sufficient that you send the notification of the exercise of the right of cancellation before the expiry of the cancellation period.<\/span><\/p>\t\t\t\t\t\t<\/div>\n\t\t\t\t<\/div>\n\t\t\t\t<div class=\"elementor-element elementor-element-6a35a69 elementor-widget elementor-widget-heading\" data-id=\"6a35a69\" data-element_type=\"widget\" data-widget_type=\"heading.default\">\n\t\t\t\t<div class=\"elementor-widget-container\">\n\t\t\t<h3 class=\"elementor-heading-title elementor-size-default\">Consequences of revocation<\/h3>\t\t<\/div>\n\t\t\t\t<\/div>\n\t\t\t\t<div class=\"elementor-element elementor-element-ad3deba elementor-widget elementor-widget-text-editor\" data-id=\"ad3deba\" data-element_type=\"widget\" data-widget_type=\"text-editor.default\">\n\t\t\t\t<div class=\"elementor-widget-container\">\n\t\t\t\t\t\t\t<p><span style=\"color: #333333;\">If you withdraw from this contract, we must refund all payments we have received from you without delay and at the latest within fourteen days of the day on which we received notification of your withdrawal from this contract. For this repayment, we will use the same means of payment that you used for the original transaction, unless expressly agreed otherwise with you; in no case will you be charged for this repayment.<\/span><\/p>\t\t\t\t\t\t<\/div>\n\t\t\t\t<\/div>\n\t\t\t\t<div class=\"elementor-element elementor-element-f8de6f9 elementor-widget elementor-widget-heading\" data-id=\"f8de6f9\" data-element_type=\"widget\" data-widget_type=\"heading.default\">\n\t\t\t\t<div class=\"elementor-widget-container\">\n\t\t\t<h3 class=\"elementor-heading-title elementor-size-default\">\u00a7 6<\/h3>\t\t<\/div>\n\t\t\t\t<\/div>\n\t\t\t\t<div class=\"elementor-element elementor-element-ea247eb elementor-widget elementor-widget-heading\" data-id=\"ea247eb\" data-element_type=\"widget\" data-widget_type=\"heading.default\">\n\t\t\t\t<div class=\"elementor-widget-container\">\n\t\t\t<h3 class=\"elementor-heading-title elementor-size-default\">Rights in the event of defects - Statute of limitations <\/h3>\t\t<\/div>\n\t\t\t\t<\/div>\n\t\t\t\t<div class=\"elementor-element elementor-element-afb7921 elementor-widget elementor-widget-text-editor\" data-id=\"afb7921\" data-element_type=\"widget\" data-widget_type=\"text-editor.default\">\n\t\t\t\t<div class=\"elementor-widget-container\">\n\t\t\t\t\t\t\t<ol><li><span style=\"color: #333333;\">We shall be liable for defects within the scope of the statutory provisions.<\/span><br \/><br \/><\/li><li><span style=\"color: #333333;\"> The customer's claims under the statutory warranty shall become statute-barred within one year if the customer is an entrepreneur.<\/span><\/li><\/ol>\t\t\t\t\t\t<\/div>\n\t\t\t\t<\/div>\n\t\t\t\t<div class=\"elementor-element elementor-element-f419489 elementor-widget elementor-widget-heading\" data-id=\"f419489\" data-element_type=\"widget\" data-widget_type=\"heading.default\">\n\t\t\t\t<div class=\"elementor-widget-container\">\n\t\t\t<h3 class=\"elementor-heading-title elementor-size-default\">\u00a7 7<\/h3>\t\t<\/div>\n\t\t\t\t<\/div>\n\t\t\t\t<div class=\"elementor-element elementor-element-a49828e elementor-widget elementor-widget-heading\" data-id=\"a49828e\" data-element_type=\"widget\" data-widget_type=\"heading.default\">\n\t\t\t\t<div class=\"elementor-widget-container\">\n\t\t\t<h3 class=\"elementor-heading-title elementor-size-default\">Licenses<\/h3>\t\t<\/div>\n\t\t\t\t<\/div>\n\t\t\t\t<div class=\"elementor-element elementor-element-08c5b31 elementor-widget elementor-widget-text-editor\" data-id=\"08c5b31\" data-element_type=\"widget\" data-widget_type=\"text-editor.default\">\n\t\t\t\t<div class=\"elementor-widget-container\">\n\t\t\t\t\t\t\t<ol><li><span style=\"color: #333333;\"> The customer receives a simple license to use the contractual products for the contractual purpose.<\/span><br \/><br \/><\/li><li><span style=\"color: #333333;\">The customer is obliged to name the author in each case, editing is excluded. Also excluded are the rights to reproduction (\u00a7 16 UrhG), distribution (\u00a7 17 UrhG), making available to the public (\u00a7 19a UrhG), broadcasting (\u00a7 20 UrhG) and reproduction (\u00a7 21 UrhG).<\/span><\/li><\/ol>\t\t\t\t\t\t<\/div>\n\t\t\t\t<\/div>\n\t\t\t\t<div class=\"elementor-element elementor-element-a30a53b elementor-widget elementor-widget-heading\" data-id=\"a30a53b\" data-element_type=\"widget\" data-widget_type=\"heading.default\">\n\t\t\t\t<div class=\"elementor-widget-container\">\n\t\t\t<h3 class=\"elementor-heading-title elementor-size-default\">\u00a7 8<\/h3>\t\t<\/div>\n\t\t\t\t<\/div>\n\t\t\t\t<div class=\"elementor-element elementor-element-d5e7448 elementor-widget elementor-widget-heading\" data-id=\"d5e7448\" data-element_type=\"widget\" data-widget_type=\"heading.default\">\n\t\t\t\t<div class=\"elementor-widget-container\">\n\t\t\t<h3 class=\"elementor-heading-title elementor-size-default\">Disputes - Arbitration<\/h3>\t\t<\/div>\n\t\t\t\t<\/div>\n\t\t\t\t<div class=\"elementor-element elementor-element-cb3b0e5 elementor-widget elementor-widget-text-editor\" data-id=\"cb3b0e5\" data-element_type=\"widget\" data-widget_type=\"text-editor.default\">\n\t\t\t\t<div class=\"elementor-widget-container\">\n\t\t\t\t\t\t\t<ol><li><span style=\"color: #333333;\">Online dispute resolution pursuant to Art. 14 (1) ODR Regulation: The European Commission provides a platform for online dispute resolution (OS), which you can access under <a style=\"color: #333333;\" href=\"http:\/\/ec.europa.eu\/consumers\/odr\/\" target=\"_blank\" rel=\"noopener\">http:\/\/ec.europa.eu\/consumers\/odr\/<\/a><\/span><br \/><br \/><\/li><li><span style=\"color: #333333;\">If the customer is a merchant, our place of business shall be the place of jurisdiction; however, we shall also be entitled to sue the customer at the court of his place of residence or business.<\/span><\/li><\/ol>\t\t\t\t\t\t<\/div>\n\t\t\t\t<\/div>\n\t\t\t\t<div class=\"elementor-element elementor-element-43019ed elementor-widget elementor-widget-heading\" data-id=\"43019ed\" data-element_type=\"widget\" data-widget_type=\"heading.default\">\n\t\t\t\t<div class=\"elementor-widget-container\">\n\t\t\t<h3 class=\"elementor-heading-title elementor-size-default\">\u00a7 9<\/h3>\t\t<\/div>\n\t\t\t\t<\/div>\n\t\t\t\t<div class=\"elementor-element elementor-element-390b439 elementor-widget elementor-widget-heading\" data-id=\"390b439\" data-element_type=\"widget\" data-widget_type=\"heading.default\">\n\t\t\t\t<div class=\"elementor-widget-container\">\n\t\t\t<h3 class=\"elementor-heading-title elementor-size-default\">Risk warnings<\/h3>\t\t<\/div>\n\t\t\t\t<\/div>\n\t\t\t\t<div class=\"elementor-element elementor-element-ac72503 elementor-widget elementor-widget-text-editor\" data-id=\"ac72503\" data-element_type=\"widget\" data-widget_type=\"text-editor.default\">\n\t\t\t\t<div class=\"elementor-widget-container\">\n\t\t\t\t\t\t\t<p style=\"text-align: center;\">Before starting a tour, the risk information (available at the bottom of each page) must be read and followed during the tour.<\/p>\t\t\t\t\t\t<\/div>\n\t\t\t\t<\/div>\n\t\t\t\t\t<\/div>\n\t\t<\/div>\n\t\t\t\t<div class=\"has_eae_slider elementor-column elementor-col-16 elementor-top-column elementor-element elementor-element-7bd28e3\" data-eae-slider=\"35222\" data-id=\"7bd28e3\" data-element_type=\"column\">\n\t\t\t<div class=\"elementor-widget-wrap\">\n\t\t\t\t\t\t\t\t\t<\/div>\n\t\t<\/div>\n\t\t\t\t\t\t\t<\/div>\n\t\t<\/section>\n\t\t\t\t\t\t\t<\/div>","protected":false},"excerpt":{"rendered":"<p>AGB Allgemeine Verkaufsbedingungen B2C f\u00fcr digitale Downloads von vorgefertigten urheberrechtlich gesch\u00fctzten Werken (Fotos, Zeichnungen, Karten, Designs, Texten, pdfs, B\u00fcchern, Videos, Pl\u00e4nen u.a.m.) \u00a7 1 Allgemeines \u2013 Geltungsbereich &#8211; Definitionen Unsere Verkaufsbedingungen gelten f\u00fcr alle unsere Angebote, Verk\u00e4ufe, Lieferungen und Leistungen. Verbraucher im Sinne des \u00a7 13 BGB ist jede nat\u00fcrliche Person, die ein Rechtsgesch\u00e4ft zu &hellip;<\/p>\n<p class=\"read-more\"> <a class=\"\" href=\"https:\/\/wheelchair-tours.org\/en\/allgemeine-geschaeftsbedingungen\/\"> <span class=\"screen-reader-text\">General terms and conditions<\/span> Read More \"<\/a><\/p>","protected":false},"author":1,"featured_media":0,"parent":0,"menu_order":0,"comment_status":"closed","ping_status":"closed","template":"","meta":{"_uag_custom_page_level_css":"","site-sidebar-layout":"no-sidebar","site-content-layout":"page-builder","ast-site-content-layout":"","site-content-style":"default","site-sidebar-style":"default","ast-global-header-display":"","ast-banner-title-visibility":"","ast-main-header-display":"","ast-hfb-above-header-display":"","ast-hfb-below-header-display":"","ast-hfb-mobile-header-display":"","site-post-title":"disabled","ast-breadcrumbs-content":"","ast-featured-img":"disabled","footer-sml-layout":"","theme-transparent-header-meta":"enabled","adv-header-id-meta":"","stick-header-meta":"","header-above-stick-meta":"","header-main-stick-meta":"","header-below-stick-meta":"","astra-migrate-meta-layouts":"","footnotes":""},"class_list":["post-1455","page","type-page","status-publish","hentry"],"uagb_featured_image_src":{"full":false,"thumbnail":false,"medium":false,"medium_large":false,"large":false,"1536x1536":false,"2048x2048":false,"trp-custom-language-flag":false},"uagb_author_info":{"display_name":"Sabrina","author_link":"https:\/\/wheelchair-tours.org\/en\/author\/sabrina\/"},"uagb_comment_info":0,"uagb_excerpt":"AGB Allgemeine Verkaufsbedingungen B2C f\u00fcr digitale Downloads von vorgefertigten urheberrechtlich gesch\u00fctzten Werken (Fotos, Zeichnungen, Karten, Designs, Texten, pdfs, B\u00fcchern, Videos, Pl\u00e4nen u.a.m.) \u00a7 1 Allgemeines \u2013 Geltungsbereich &#8211; Definitionen Unsere Verkaufsbedingungen gelten f\u00fcr alle unsere Angebote, Verk\u00e4ufe, Lieferungen und Leistungen. Verbraucher im Sinne des \u00a7 13 BGB ist jede nat\u00fcrliche Person, die ein Rechtsgesch\u00e4ft zu&hellip;","_links":{"self":[{"href":"https:\/\/wheelchair-tours.org\/en\/wp-json\/wp\/v2\/pages\/1455","targetHints":{"allow":["GET"]}}],"collection":[{"href":"https:\/\/wheelchair-tours.org\/en\/wp-json\/wp\/v2\/pages"}],"about":[{"href":"https:\/\/wheelchair-tours.org\/en\/wp-json\/wp\/v2\/types\/page"}],"author":[{"embeddable":true,"href":"https:\/\/wheelchair-tours.org\/en\/wp-json\/wp\/v2\/users\/1"}],"replies":[{"embeddable":true,"href":"https:\/\/wheelchair-tours.org\/en\/wp-json\/wp\/v2\/comments?post=1455"}],"version-history":[{"count":8,"href":"https:\/\/wheelchair-tours.org\/en\/wp-json\/wp\/v2\/pages\/1455\/revisions"}],"predecessor-version":[{"id":6215,"href":"https:\/\/wheelchair-tours.org\/en\/wp-json\/wp\/v2\/pages\/1455\/revisions\/6215"}],"wp:attachment":[{"href":"https:\/\/wheelchair-tours.org\/en\/wp-json\/wp\/v2\/media?parent=1455"}],"curies":[{"name":"wp","href":"https:\/\/api.w.org\/{rel}","templated":true}]}}